{"id":29,"date":"2023-07-12T09:42:47","date_gmt":"2023-07-12T09:42:47","guid":{"rendered":"\/?page_id=29"},"modified":"2025-01-05T21:57:46","modified_gmt":"2025-01-05T21:57:46","slug":"about","status":"publish","type":"page","link":"https:\/\/www.matzepan.de\/?page_id=29","title":{"rendered":"About"},"content":{"rendered":"\n<div class=\"wp-block-group alignfull is-layout-constrained wp-block-group-is-layout-constrained\" style=\"margin-top:0;padding-top:6.25rem;padding-bottom:6.25rem\">\n<div class=\"wp-block-columns alignwide is-layout-flex wp-container-core-columns-is-layout-595a5fd5 wp-block-columns-is-layout-flex\">\n<div class=\"wp-block-column is-layout-flow wp-block-column-is-layout-flow\" style=\"padding-bottom:var(--wp--preset--spacing--50)\">\n<h3 class=\"wp-block-heading has-medium-font-size\" style=\"text-transform:uppercase\">die matzepan Experience<\/h3>\n\n\n\n<p style=\"padding-bottom:var(--wp--preset--spacing--30)\">\u201eWenn dir groovige&nbsp; Songs und kultige Schlager und aktuelle Charts&nbsp;um die Ohren blasen, der Druck der B\u00e4sse im Bauch wummert und die Stromgitarre durch deine Frisur pfeift, Spa\u00df und gute Laune den grauen Alltag vergessen lassen und das alles live, dann wei\u00dft du, was geht:<\/p>\n\n\n\n<h6 class=\"wp-block-heading\"><strong>Dann bist du mittendrinn in der Show der Kultband MATZEPAN!!<\/strong><\/h6>\n\n\n\n<div class=\"wp-block-buttons is-layout-flex wp-block-buttons-is-layout-flex\">\n<div class=\"wp-block-button is-style-button-impact\"><a class=\"wp-block-button__link has-foreground-color has-text-color wp-element-button\" href=\"https:\/\/www.matzepan.de\/?page_id=900\">Kontakt<\/a><\/div>\n<\/div>\n<\/div>\n\n\n\n<div class=\"wp-block-column is-layout-flow wp-block-column-is-layout-flow\">\n<h3 class=\"wp-block-heading has-medium-font-size\" style=\"text-transform:uppercase\"><\/h3>\n\n\n\n<p>Mit erstklassigem Sound und einer ausgefeilten B\u00fchnenshow pr\u00e4sentiert&nbsp;MATZEPAN unvergessene Hits. Dabei liegt der Schwerpunkt auf Schlager, neuer deutscher Welle,&nbsp;Partyklassiker&nbsp; der 70er, 80er, 90er und aktuellen Charts.<\/p>\n\n\n\n<p>Ein kompaktes Programm. Je nach Termin verst\u00e4rkt durch einen DJ und Special guests,&nbsp;machen&nbsp; so Ihren Event zu einem ganz speziellen Ereignis.<\/p>\n<\/div>\n<\/div>\n<\/div>\n\n\n\n<div class=\"wp-block-group alignfull has-background is-layout-constrained wp-block-group-is-layout-constrained\" style=\"background-color:#2f2f2f;padding-top:var(--wp--preset--spacing--70);padding-bottom:var(--wp--preset--spacing--70)\">\n<h3 class=\"wp-block-heading has-text-align-center has-big-font-size\" style=\"padding-bottom:var(--wp--preset--spacing--20);text-transform:uppercase\">Impressionen<\/h3>\n\n\n\n<figure class=\"wp-block-gallery alignwide has-nested-images columns-default is-cropped wp-block-gallery-2 is-layout-flex wp-block-gallery-is-layout-flex\" style=\"margin-top:var(--wp--preset--spacing--70)\">\n<figure class=\"wp-block-image size-full wp-duotone-unset-1\"><img loading=\"lazy\" decoding=\"async\" width=\"1200\" height=\"1600\" data-id=\"417\" src=\"https:\/\/www.matzepan.de\/wp-content\/uploads\/2017\/02\/IMG_1928.jpg\" alt=\"\" class=\"wp-image-417\" srcset=\"https:\/\/www.matzepan.de\/wp-content\/uploads\/2017\/02\/IMG_1928.jpg 1200w, https:\/\/www.matzepan.de\/wp-content\/uploads\/2017\/02\/IMG_1928-225x300.jpg 225w, https:\/\/www.matzepan.de\/wp-content\/uploads\/2017\/02\/IMG_1928-768x1024.jpg 768w, https:\/\/www.matzepan.de\/wp-content\/uploads\/2017\/02\/IMG_1928-1152x1536.jpg 1152w\" sizes=\"auto, (max-width: 1200px) 100vw, 1200px\" \/><\/figure>\n\n\n\n<figure class=\"wp-block-image size-full\"><img loading=\"lazy\" decoding=\"async\" width=\"699\" height=\"784\" data-id=\"246\" src=\"https:\/\/matzepan.de\/wp-content\/uploads\/2023\/07\/harmonix-g2.jpg\" alt=\"\" class=\"wp-image-246\" srcset=\"https:\/\/www.matzepan.de\/wp-content\/uploads\/2023\/07\/harmonix-g2.jpg 699w, https:\/\/www.matzepan.de\/wp-content\/uploads\/2023\/07\/harmonix-g2-267x300.jpg 267w\" sizes=\"auto, (max-width: 699px) 100vw, 699px\" \/><\/figure>\n\n\n\n<figure class=\"wp-block-image alignleft size-full\"><img loading=\"lazy\" decoding=\"async\" width=\"1024\" height=\"681\" data-id=\"816\" src=\"https:\/\/www.matzepan.de\/wp-content\/uploads\/2016\/09\/Buchenbach-85.jpg\" alt=\"\" class=\"wp-image-816\" srcset=\"https:\/\/www.matzepan.de\/wp-content\/uploads\/2016\/09\/Buchenbach-85.jpg 1024w, https:\/\/www.matzepan.de\/wp-content\/uploads\/2016\/09\/Buchenbach-85-300x200.jpg 300w, https:\/\/www.matzepan.de\/wp-content\/uploads\/2016\/09\/Buchenbach-85-768x511.jpg 768w\" sizes=\"auto, (max-width: 1024px) 100vw, 1024px\" \/><\/figure>\n\n\n\n<figure class=\"wp-block-image size-full\"><img loading=\"lazy\" decoding=\"async\" width=\"1066\" height=\"783\" data-id=\"249\" src=\"https:\/\/matzepan.de\/wp-content\/uploads\/2023\/07\/harmonix-g5.jpg\" alt=\"\" class=\"wp-image-249\" srcset=\"https:\/\/www.matzepan.de\/wp-content\/uploads\/2023\/07\/harmonix-g5.jpg 1066w, https:\/\/www.matzepan.de\/wp-content\/uploads\/2023\/07\/harmonix-g5-300x220.jpg 300w, https:\/\/www.matzepan.de\/wp-content\/uploads\/2023\/07\/harmonix-g5-1024x752.jpg 1024w, https:\/\/www.matzepan.de\/wp-content\/uploads\/2023\/07\/harmonix-g5-768x564.jpg 768w\" sizes=\"auto, (max-width: 1066px) 100vw, 1066px\" \/><\/figure>\n\n\n\n<figure class=\"wp-block-image size-full\"><img loading=\"lazy\" decoding=\"async\" width=\"1066\" height=\"783\" data-id=\"248\" src=\"https:\/\/matzepan.de\/wp-content\/uploads\/2023\/07\/harmonix-g4.jpg\" alt=\"\" class=\"wp-image-248\" srcset=\"https:\/\/www.matzepan.de\/wp-content\/uploads\/2023\/07\/harmonix-g4.jpg 1066w, https:\/\/www.matzepan.de\/wp-content\/uploads\/2023\/07\/harmonix-g4-300x220.jpg 300w, https:\/\/www.matzepan.de\/wp-content\/uploads\/2023\/07\/harmonix-g4-1024x752.jpg 1024w, https:\/\/www.matzepan.de\/wp-content\/uploads\/2023\/07\/harmonix-g4-768x564.jpg 768w\" sizes=\"auto, (max-width: 1066px) 100vw, 1066px\" \/><\/figure>\n\n\n\n<figure class=\"wp-block-image size-full wp-duotone-midnight\"><img loading=\"lazy\" decoding=\"async\" width=\"1200\" height=\"1600\" data-id=\"386\" src=\"https:\/\/www.matzepan.de\/wp-content\/uploads\/2017\/02\/IMG_1897.jpg\" alt=\"\" class=\"wp-image-386\" srcset=\"https:\/\/www.matzepan.de\/wp-content\/uploads\/2017\/02\/IMG_1897.jpg 1200w, https:\/\/www.matzepan.de\/wp-content\/uploads\/2017\/02\/IMG_1897-225x300.jpg 225w, https:\/\/www.matzepan.de\/wp-content\/uploads\/2017\/02\/IMG_1897-768x1024.jpg 768w, https:\/\/www.matzepan.de\/wp-content\/uploads\/2017\/02\/IMG_1897-1152x1536.jpg 1152w\" sizes=\"auto, (max-width: 1200px) 100vw, 1200px\" \/><\/figure>\n\n\n\n<figure class=\"wp-block-image size-full wp-duotone-magenta-yellow\"><img loading=\"lazy\" decoding=\"async\" width=\"860\" height=\"320\" data-id=\"338\" src=\"https:\/\/www.matzepan.de\/wp-content\/uploads\/2017\/02\/860-320_2.jpg\" alt=\"\" class=\"wp-image-338\" srcset=\"https:\/\/www.matzepan.de\/wp-content\/uploads\/2017\/02\/860-320_2.jpg 860w, https:\/\/www.matzepan.de\/wp-content\/uploads\/2017\/02\/860-320_2-300x112.jpg 300w, https:\/\/www.matzepan.de\/wp-content\/uploads\/2017\/02\/860-320_2-768x286.jpg 768w\" sizes=\"auto, (max-width: 860px) 100vw, 860px\" \/><\/figure>\n<\/figure>\n<\/div>\n\n\n\n<div class=\"wp-block-group alignfull is-layout-constrained wp-block-group-is-layout-constrained\" style=\"padding-top:6.3%;padding-bottom:6.3%\">\n<div class=\"wp-block-columns alignwide stack-on-tablet-portrait is-layout-flex wp-container-core-columns-is-layout-595a5fd5 wp-block-columns-is-layout-flex\">\n<div class=\"wp-block-column is-layout-flow wp-block-column-is-layout-flow\" style=\"flex-basis:33.33%\">\n<p class=\"has-foreground-color has-text-color\" style=\"font-style:normal;font-weight:500;text-transform:uppercase\">Behind the Scenes<\/p>\n\n\n\n<h3 class=\"wp-block-heading has-medium-font-size\" style=\"text-transform:uppercase\">matzepan sind:<\/h3>\n\n\n\n<p style=\"margin-top:3.13rem\"><\/p>\n<\/div>\n\n\n\n<div class=\"wp-block-column is-layout-flow wp-block-column-is-layout-flow\" style=\"flex-basis:66.66%\">\n<div class=\"wp-block-group is-vertical is-layout-flex wp-container-core-group-is-layout-41fdfdc5 wp-block-group-is-layout-flex\">\n<div class=\"wp-block-columns is-layout-flex wp-container-core-columns-is-layout-28f84493 wp-block-columns-is-layout-flex\">\n<div class=\"wp-block-column is-layout-flow wp-block-column-is-layout-flow\" style=\"padding-bottom:1rem\">\n<figure class=\"wp-block-image size-full is-resized has-custom-border\"><img loading=\"lazy\" decoding=\"async\" width=\"1560\" height=\"1512\" src=\"https:\/\/www.matzepan.de\/wp-content\/uploads\/2024\/01\/e648d12d-0898-4922-af16-0931c8bbbb1e.jpg\" alt=\"\" class=\"wp-image-966\" style=\"border-radius:3px;width:391px;height:auto\" srcset=\"https:\/\/www.matzepan.de\/wp-content\/uploads\/2024\/01\/e648d12d-0898-4922-af16-0931c8bbbb1e.jpg 1560w, https:\/\/www.matzepan.de\/wp-content\/uploads\/2024\/01\/e648d12d-0898-4922-af16-0931c8bbbb1e-300x291.jpg 300w, https:\/\/www.matzepan.de\/wp-content\/uploads\/2024\/01\/e648d12d-0898-4922-af16-0931c8bbbb1e-1024x992.jpg 1024w, https:\/\/www.matzepan.de\/wp-content\/uploads\/2024\/01\/e648d12d-0898-4922-af16-0931c8bbbb1e-768x744.jpg 768w, https:\/\/www.matzepan.de\/wp-content\/uploads\/2024\/01\/e648d12d-0898-4922-af16-0931c8bbbb1e-1536x1489.jpg 1536w\" sizes=\"auto, (max-width: 1560px) 100vw, 1560px\" \/><\/figure>\n\n\n\n<div style=\"height:10px\" aria-hidden=\"true\" class=\"wp-block-spacer\"><\/div>\n\n\n\n<h4 class=\"wp-block-heading has-small-font-size\" style=\"margin-bottom:var(--wp--preset--spacing--10);text-transform:uppercase\">Matthias Vogt<\/h4>\n\n\n\n<p class=\"has-calc-10-03-px-0-1-vw-font-size\" style=\"margin-top:var(--wp--preset--spacing--10)\">Gesang<\/p>\n<\/div>\n\n\n\n<div class=\"wp-block-column is-layout-flow wp-block-column-is-layout-flow\" style=\"padding-bottom:1rem\">\n<figure class=\"wp-block-image size-full has-custom-border\"><img loading=\"lazy\" decoding=\"async\" width=\"640\" height=\"425\" src=\"https:\/\/www.matzepan.de\/wp-content\/uploads\/2016\/09\/2007-05-01-08.15.27-drums.jpg\" alt=\"\" class=\"wp-image-347\" style=\"border-radius:3px\" srcset=\"https:\/\/www.matzepan.de\/wp-content\/uploads\/2016\/09\/2007-05-01-08.15.27-drums.jpg 640w, https:\/\/www.matzepan.de\/wp-content\/uploads\/2016\/09\/2007-05-01-08.15.27-drums-300x199.jpg 300w\" sizes=\"auto, (max-width: 640px) 100vw, 640px\" \/><\/figure>\n\n\n\n<div style=\"height:10px\" aria-hidden=\"true\" class=\"wp-block-spacer\"><\/div>\n\n\n\n<h4 class=\"wp-block-heading has-small-font-size\" style=\"margin-bottom:var(--wp--preset--spacing--10);text-transform:uppercase\">Christoph Birkenmeier<\/h4>\n\n\n\n<p class=\"has-calc-10-03-px-0-1-vw-font-size\" style=\"margin-top:var(--wp--preset--spacing--10)\">Drums<\/p>\n<\/div>\n<\/div>\n\n\n\n<div class=\"wp-block-columns is-layout-flex wp-container-core-columns-is-layout-28f84493 wp-block-columns-is-layout-flex\">\n<div class=\"wp-block-column is-layout-flow wp-block-column-is-layout-flow\" style=\"padding-bottom:1rem\">\n<figure class=\"wp-block-image size-full is-resized has-custom-border\"><img loading=\"lazy\" decoding=\"async\" width=\"1542\" height=\"2161\" src=\"https:\/\/www.matzepan.de\/wp-content\/uploads\/2025\/01\/09E7FCEF-64D6-4C46-94F5-B40E33CBDFB2.jpg\" alt=\"\" class=\"wp-image-1052\" style=\"border-radius:3px;width:313px;height:auto\" srcset=\"https:\/\/www.matzepan.de\/wp-content\/uploads\/2025\/01\/09E7FCEF-64D6-4C46-94F5-B40E33CBDFB2.jpg 1542w, https:\/\/www.matzepan.de\/wp-content\/uploads\/2025\/01\/09E7FCEF-64D6-4C46-94F5-B40E33CBDFB2-214x300.jpg 214w, https:\/\/www.matzepan.de\/wp-content\/uploads\/2025\/01\/09E7FCEF-64D6-4C46-94F5-B40E33CBDFB2-731x1024.jpg 731w, https:\/\/www.matzepan.de\/wp-content\/uploads\/2025\/01\/09E7FCEF-64D6-4C46-94F5-B40E33CBDFB2-768x1076.jpg 768w, https:\/\/www.matzepan.de\/wp-content\/uploads\/2025\/01\/09E7FCEF-64D6-4C46-94F5-B40E33CBDFB2-1096x1536.jpg 1096w, https:\/\/www.matzepan.de\/wp-content\/uploads\/2025\/01\/09E7FCEF-64D6-4C46-94F5-B40E33CBDFB2-1461x2048.jpg 1461w\" sizes=\"auto, (max-width: 1542px) 100vw, 1542px\" \/><\/figure>\n\n\n\n<div style=\"height:10px\" aria-hidden=\"true\" class=\"wp-block-spacer\"><\/div>\n\n\n\n<h4 class=\"wp-block-heading has-small-font-size\" style=\"margin-bottom:var(--wp--preset--spacing--10);text-transform:uppercase\">Winni Trenkle<\/h4>\n\n\n\n<p class=\"has-calc-10-03-px-0-1-vw-font-size\" style=\"margin-top:var(--wp--preset--spacing--10)\">Bass<\/p>\n<\/div>\n\n\n\n<div class=\"wp-block-column is-layout-flow wp-block-column-is-layout-flow\" style=\"padding-bottom:1rem\">\n<figure class=\"wp-block-image size-full has-custom-border\"><img loading=\"lazy\" decoding=\"async\" width=\"640\" height=\"425\" src=\"https:\/\/www.matzepan.de\/wp-content\/uploads\/2016\/09\/2007-05-01-07.19.37-1.jpg\" alt=\"\" class=\"wp-image-819\" style=\"border-radius:3px\" srcset=\"https:\/\/www.matzepan.de\/wp-content\/uploads\/2016\/09\/2007-05-01-07.19.37-1.jpg 640w, https:\/\/www.matzepan.de\/wp-content\/uploads\/2016\/09\/2007-05-01-07.19.37-1-300x199.jpg 300w\" sizes=\"auto, (max-width: 640px) 100vw, 640px\" \/><\/figure>\n\n\n\n<div style=\"height:10px\" aria-hidden=\"true\" class=\"wp-block-spacer\"><\/div>\n\n\n\n<h4 class=\"wp-block-heading has-small-font-size\" style=\"margin-bottom:var(--wp--preset--spacing--10);text-transform:uppercase\">Andreas Bohl<\/h4>\n\n\n\n<p class=\"has-calc-10-03-px-0-1-vw-font-size\" style=\"margin-top:var(--wp--preset--spacing--10)\">Keyboards<\/p>\n<\/div>\n<\/div>\n\n\n\n<div class=\"wp-block-columns is-layout-flex wp-container-core-columns-is-layout-28f84493 wp-block-columns-is-layout-flex\">\n<div class=\"wp-block-column is-layout-flow wp-block-column-is-layout-flow\" style=\"padding-bottom:1rem\">\n<figure class=\"wp-block-image size-full is-resized has-custom-border wp-duotone-rgb000-rgb151184255-3\"><img loading=\"lazy\" decoding=\"async\" width=\"1499\" height=\"1492\" src=\"https:\/\/www.matzepan.de\/wp-content\/uploads\/2024\/01\/c3b7ca9f-ef4d-42e5-87a2-a83d6d8aca00.jpg\" alt=\"\" class=\"wp-image-904\" style=\"border-radius:3px;width:400px;height:auto\" srcset=\"https:\/\/www.matzepan.de\/wp-content\/uploads\/2024\/01\/c3b7ca9f-ef4d-42e5-87a2-a83d6d8aca00.jpg 1499w, https:\/\/www.matzepan.de\/wp-content\/uploads\/2024\/01\/c3b7ca9f-ef4d-42e5-87a2-a83d6d8aca00-300x300.jpg 300w, https:\/\/www.matzepan.de\/wp-content\/uploads\/2024\/01\/c3b7ca9f-ef4d-42e5-87a2-a83d6d8aca00-1024x1019.jpg 1024w, https:\/\/www.matzepan.de\/wp-content\/uploads\/2024\/01\/c3b7ca9f-ef4d-42e5-87a2-a83d6d8aca00-150x150.jpg 150w, https:\/\/www.matzepan.de\/wp-content\/uploads\/2024\/01\/c3b7ca9f-ef4d-42e5-87a2-a83d6d8aca00-768x764.jpg 768w\" sizes=\"auto, (max-width: 1499px) 100vw, 1499px\" \/><\/figure>\n\n\n\n<div style=\"height:10px\" aria-hidden=\"true\" class=\"wp-block-spacer\"><\/div>\n\n\n\n<h4 class=\"wp-block-heading has-small-font-size\" style=\"margin-bottom:var(--wp--preset--spacing--10);text-transform:uppercase\">Robert M\u00e4rz<\/h4>\n\n\n\n<p class=\"has-calc-10-03-px-0-1-vw-font-size\" style=\"margin-top:var(--wp--preset--spacing--10)\">Gitarre<\/p>\n<\/div>\n<\/div>\n<\/div>\n<\/div>\n<\/div>\n<\/div>\n\n\n\n<div class=\"wp-block-group alignfull is-layout-constrained wp-block-group-is-layout-constrained\">\n<div class=\"wp-block-columns alignfull stack-on-tablet-portrait has-background-color has-foreground-background-color has-text-color has-background has-link-color wp-elements-3e1d95091c7674ed6c347c2b0b50d12b is-layout-flex wp-container-core-columns-is-layout-2b7f8edc wp-block-columns-is-layout-flex\" style=\"padding-top:0;padding-right:0;padding-bottom:0;padding-left:0\">\n<div class=\"wp-block-column is-layout-flow wp-block-column-is-layout-flow\">\n<div class=\"wp-block-group alignwide is-content-justification-right is-layout-flex wp-container-core-group-is-layout-c24169e4 wp-block-group-is-layout-flex\" style=\"padding-top:var(--wp--preset--spacing--40)\">\n<h5 class=\"wp-block-heading\">Kontakt:  <\/h5>\n\n\n\n<p><strong>Matzepan<\/strong><br>H\u00f6llentalstrasse 54a<br>79199 Kirchzarten<br><br><strong>Tel.<\/strong> +49 173 946 4315<br><br><strong>E-Mail<\/strong> info@matzepan.de<br><br><\/p>\n<\/div>\n<\/div>\n\n\n\n<div class=\"wp-block-column is-layout-flow wp-block-column-is-layout-flow\">\n<div class=\"wp-block-group is-layout-constrained wp-container-core-group-is-layout-a81fbc05 wp-block-group-is-layout-constrained\" style=\"padding-top:4.99rem;padding-right:12%;padding-bottom:5rem;padding-left:12%\">\n<div class=\"wp-block-columns is-layout-flex wp-container-core-columns-is-layout-28f84493 wp-block-columns-is-layout-flex\">\n<div class=\"wp-block-column is-layout-flow wp-block-column-is-layout-flow\" style=\"flex-basis:80%\"><\/div>\n<\/div>\n<\/div>\n<\/div>\n<\/div>\n<\/div>\n","protected":false},"excerpt":{"rendered":"<p>die matzepan Experience \u201eWenn dir groovige&nbsp; Songs und kultige Schlager und aktuelle Charts&nbsp;um die Ohren blasen, der Druck der B\u00e4sse im Bauch wummert und die Stromgitarre durch deine Frisur pfeift, Spa\u00df und gute Laune den grauen Alltag vergessen lassen und das alles live, dann wei\u00dft du, was geht: Dann bist du mittendrinn in der Show [&hellip;]<\/p>\n","protected":false},"author":1,"featured_media":0,"parent":0,"menu_order":0,"comment_status":"closed","ping_status":"closed","template":"about","meta":{"footnotes":""},"class_list":["post-29","page","type-page","status-publish","hentry"],"_links":{"self":[{"href":"https:\/\/www.matzepan.de\/index.php?rest_route=\/wp\/v2\/pages\/29","targetHints":{"allow":["GET"]}}],"collection":[{"href":"https:\/\/www.matzepan.de\/index.php?rest_route=\/wp\/v2\/pages"}],"about":[{"href":"https:\/\/www.matzepan.de\/index.php?rest_route=\/wp\/v2\/types\/page"}],"author":[{"embeddable":true,"href":"https:\/\/www.matzepan.de\/index.php?rest_route=\/wp\/v2\/users\/1"}],"replies":[{"embeddable":true,"href":"https:\/\/www.matzepan.de\/index.php?rest_route=%2Fwp%2Fv2%2Fcomments&post=29"}],"version-history":[{"count":14,"href":"https:\/\/www.matzepan.de\/index.php?rest_route=\/wp\/v2\/pages\/29\/revisions"}],"predecessor-version":[{"id":1053,"href":"https:\/\/www.matzepan.de\/index.php?rest_route=\/wp\/v2\/pages\/29\/revisions\/1053"}],"wp:attachment":[{"href":"https:\/\/www.matzepan.de\/index.php?rest_route=%2Fwp%2Fv2%2Fmedia&parent=29"}],"curies":[{"name":"wp","href":"https:\/\/api.w.org\/{rel}","templated":true}]}}